{"id":2645,"date":"2023-08-11T19:05:32","date_gmt":"2023-08-11T17:05:32","guid":{"rendered":"https:\/\/mrberendsen.nl\/inicio\/"},"modified":"2025-11-12T16:46:13","modified_gmt":"2025-11-12T15:46:13","slug":"inicio","status":"publish","type":"page","link":"https:\/\/mrberendsen.nl\/es\/","title":{"rendered":"Inicio"},"content":{"rendered":"[vc_row type=\u00bbfull_width_background\u00bb full_screen_row_position=\u00bbmiddle\u00bb bg_image=\u00bb78&#8243; bg_position=\u00bbcenter center\u00bb bg_repeat=\u00bbno-repeat\u00bb bg_color=\u00bb#ffffff\u00bb scene_position=\u00bbcenter\u00bb text_color=\u00bblight\u00bb text_align=\u00bbleft\u00bb top_padding=\u00bb12%\u00bb bottom_padding=\u00bb12%\u00bb enable_gradient=\u00bbtrue\u00bb color_overlay=\u00bb#bd1920&#8243; color_overlay_2=\u00bbrgba(255,255,255,0.23)\u00bb gradient_direction=\u00bbleft_to_right\u00bb overlay_strength=\u00bb0.5&#8243; enable_shape_divider=\u00bbtrue\u00bb shape_divider_position=\u00bbbottom\u00bb shape_divider_height=\u00bb150&#8243; bg_image_animation=\u00bbnone\u00bb parallax_bg=\u00bbtrue\u00bb parallax_bg_speed=\u00bbfast\u00bb shape_type=\u00bbspeech\u00bb][vc_column column_padding=\u00bbno-extra-padding\u00bb column_padding_position=\u00bball\u00bb background_color_opacity=\u00bb1&#8243; background_hover_color_opacity=\u00bb1&#8243; column_link_target=\u00bb_self\u00bb column_shadow=\u00bbnone\u00bb column_border_radius=\u00bbnone\u00bb width=\u00bb1\/1&#8243; tablet_width_inherit=\u00bbdefault\u00bb tablet_text_alignment=\u00bbdefault\u00bb phone_text_alignment=\u00bbdefault\u00bb column_border_width=\u00bbnone\u00bb column_border_style=\u00bbsolid\u00bb bg_image_animation=\u00bbnone\u00bb][vc_custom_heading text=\u00bbSu colaborador jur\u00eddico.\u00bb font_container=\u00bbtag:h1|text_align:left\u00bb google_fonts=\u00bbfont_family:Alegreya%3Aregular%2Citalic%2C700%2C700italic%2C900%2C900italic|font_style:400%20regular%3A400%3Anormal\u00bb][vc_custom_heading text=\u00bbDerecho de arrendamiento &#8211; Derecho laboral &#8211; Empresas &#8211; Cobro de deudas\u00bb font_container=\u00bbtag:h4|text_align:left\u00bb google_fonts=\u00bbfont_family:Alegreya%3Aregular%2Citalic%2C700%2C700italic%2C900%2C900italic\u00bb][nectar_btn size=\u00bblarge\u00bb button_style=\u00bbregular\u00bb button_color_2=\u00bbAccent-Color\u00bb icon_family=\u00bbfontawesome\u00bb url=\u00bb\/contact\u00bb text=\u00bbConcierte una cita\u00bb icon_fontawesome=\u00bbfa fa-calendar-check-o\u00bb margin_top=\u00bb20px\u00bb margin_right=\u00bb5px\u00bb][\/vc_column][\/vc_row][vc_row type=\u00bbfull_width_background\u00bb full_screen_row_position=\u00bbmiddle\u00bb bg_color=\u00bb#ffffff\u00bb scene_position=\u00bbcenter\u00bb text_color=\u00bbdark\u00bb text_align=\u00bbleft\u00bb top_padding=\u00bb3%\u00bb bottom_padding=\u00bb3%\u00bb id=\u00bbcore-features\u00bb row_name=\u00bbCore Features\u00bb enable_gradient=\u00bbtrue\u00bb color_overlay=\u00bb#ffffff\u00bb color_overlay_2=\u00bbrgba(255,255,255,0.14)\u00bb gradient_direction=\u00bbleft_to_right\u00bb overlay_strength=\u00bb0.95&#8243; shape_divider_position=\u00bbbottom\u00bb bg_image_animation=\u00bbnone\u00bb shape_type=\u00bb\u00bb][vc_column column_padding=\u00bbno-extra-padding\u00bb column_padding_position=\u00bball\u00bb background_color_opacity=\u00bb1&#8243; background_hover_color_opacity=\u00bb1&#8243; column_link_target=\u00bb_self\u00bb column_shadow=\u00bbnone\u00bb column_border_radius=\u00bbnone\u00bb width=\u00bb2\/3&#8243; tablet_width_inherit=\u00bbdefault\u00bb tablet_text_alignment=\u00bbdefault\u00bb phone_text_alignment=\u00bbdefault\u00bb column_border_width=\u00bbnone\u00bb column_border_style=\u00bbsolid\u00bb bg_image_animation=\u00bbnone\u00bb][vc_custom_heading text=\u00bbMr. Berendsen Advocaten\u00bb google_fonts=\u00bbfont_family:Alegreya%3Aregular%2Citalic%2C700%2C700italic%2C900%2C900italic|font_style:400%20regular%3A400%3Anormal\u00bb][vc_column_text]<strong>Bienvenido a la p\u00e1gina web de Mr. Berendsen Advocaten en Amsterdam<\/strong><\/p>\n<p>Estamos especializados en diversas \u00e1reas del Derecho, como el Derecho laboral y de arrendamientos, y el Derecho de las pymes. Encontrar\u00e1 m\u00e1s informaci\u00f3n sobre las especialidades en las descripciones de los distintos abogados. Su socio para asuntos jur\u00eddicos: asesoramiento y procedimientos.<\/p>\n<p>Estaremos encantados de ayudarle:<\/p>\n<ul>\n<li>Derecho laboral<\/li>\n<li>Derecho de alquiler<\/li>\n<li>Devoluci\u00f3n del dep\u00f3sito<\/li>\n<li>Responsabilidad por da\u00f1os y perjuicios<\/li>\n<li>Contratos<\/li>\n<\/ul>\n[\/vc_column_text][divider line_type=\u00bbNo Line\u00bb][\/vc_column][vc_column column_padding=\u00bbno-extra-padding\u00bb column_padding_position=\u00bball\u00bb background_color_opacity=\u00bb1&#8243; background_hover_color_opacity=\u00bb1&#8243; column_link_target=\u00bb_self\u00bb column_shadow=\u00bbnone\u00bb column_border_radius=\u00bbnone\u00bb width=\u00bb1\/3&#8243; tablet_width_inherit=\u00bbdefault\u00bb tablet_text_alignment=\u00bbdefault\u00bb phone_text_alignment=\u00bbdefault\u00bb column_border_width=\u00bbnone\u00bb column_border_style=\u00bbsolid\u00bb bg_image_animation=\u00bbnone\u00bb][vc_custom_heading text=\u00bbNuestras ventajas\u00bb google_fonts=\u00bbfont_family:Alegreya%3Aregular%2Citalic%2C700%2C700italic%2C900%2C900italic|font_style:400%20regular%3A400%3Anormal\u00bb]<div class=\"nectar-fancy-ul\" data-list-icon=\"fa fa-check\" data-animation=\"true\" data-animation-delay=\"5\" data-color=\"accent-color\" data-spacing=\"default\" data-alignment=\"left\"> &#8211;\u00a0 Tarifa horaria clara<br \/>&#8211;\u00a0 Diferentes \u00e1mbitos del Derecho<br \/>&#8211;\u00a0 A\u00f1os de experiencia<br \/>&#8211;\u00a0 Pro Deo <\/div>[vc_widget_sidebar sidebar_id=\u00bbnectar-extra-sidebar\u00bb][\/vc_column][\/vc_row][vc_row type=\u00bbfull_width_background\u00bb full_screen_row_position=\u00bbmiddle\u00bb bg_color=\u00bb#eaeaea\u00bb scene_position=\u00bbcenter\u00bb text_color=\u00bbdark\u00bb text_align=\u00bbleft\u00bb top_padding=\u00bb7%\u00bb bottom_padding=\u00bb7%\u00bb overlay_strength=\u00bb0.3&#8243; shape_divider_position=\u00bbbottom\u00bb bg_image_animation=\u00bbnone\u00bb][vc_column column_padding=\u00bbno-extra-padding\u00bb column_padding_position=\u00bball\u00bb background_color_opacity=\u00bb1&#8243; background_hover_color_opacity=\u00bb1&#8243; column_link_target=\u00bb_self\u00bb column_shadow=\u00bbnone\u00bb column_border_radius=\u00bbnone\u00bb width=\u00bb1\/1&#8243; tablet_width_inherit=\u00bbdefault\u00bb tablet_text_alignment=\u00bbdefault\u00bb phone_text_alignment=\u00bbdefault\u00bb column_border_width=\u00bbnone\u00bb column_border_style=\u00bbsolid\u00bb bg_image_animation=\u00bbnone\u00bb][nectar_blog layout=\u00bbmasonry-blog-fullwidth\u00bb blog_masonry_style=\u00bbmaterial\u00bb category=\u00bball\u00bb load_in_animation=\u00bbfade_in_from_bottom\u00bb order=\u00bbDESC\u00bb orderby=\u00bbdate\u00bb posts_per_page=\u00bb3&#8243;][vc_row_inner column_margin=\u00bbdefault\u00bb text_align=\u00bbleft\u00bb][vc_column_inner column_padding=\u00bbno-extra-padding\u00bb column_padding_position=\u00bball\u00bb centered_text=\u00bbtrue\u00bb background_color_opacity=\u00bb1&#8243; background_hover_color_opacity=\u00bb1&#8243; column_shadow=\u00bbnone\u00bb column_border_radius=\u00bbnone\u00bb column_link_target=\u00bb_self\u00bb width=\u00bb1\/1&#8243; tablet_width_inherit=\u00bbdefault\u00bb column_border_width=\u00bbnone\u00bb column_border_style=\u00bbsolid\u00bb bg_image_animation=\u00bbnone\u00bb][nectar_btn size=\u00bblarge\u00bb button_style=\u00bbregular\u00bb button_color_2=\u00bbAccent-Color\u00bb icon_family=\u00bbiconsmind\u00bb url=\u00bb\/blog\u00bb text=\u00bbVer todas las publicaciones\u00bb icon_iconsmind=\u00bbiconsmind-Triangle-ArrowRight\u00bb][\/vc_column_inner][\/vc_row_inner][\/vc_column][\/vc_row]\n","protected":false},"excerpt":{"rendered":"<p>[vc_row type=\u00bbfull_width_background\u00bb full_screen_row_position=\u00bbmiddle\u00bb bg_image=\u00bb78&#8243; bg_position=\u00bbcenter center\u00bb bg_repeat=\u00bbno-repeat\u00bb bg_color=\u00bb#ffffff\u00bb scene_position=\u00bbcenter\u00bb text_color=\u00bblight\u00bb text_align=\u00bbleft\u00bb top_padding=\u00bb12%\u00bb bottom_padding=\u00bb12%\u00bb enable_gradient=\u00bbtrue\u00bb color_overlay=\u00bb#bd1920&#8243; color_overlay_2=\u00bbrgba(255,255,255,0.23)\u00bb gradient_direction=\u00bbleft_to_right\u00bb overlay_strength=\u00bb0.5&#8243; enable_shape_divider=\u00bbtrue\u00bb shape_divider_position=\u00bbbottom\u00bb shape_divider_height=\u00bb150&#8243; bg_image_animation=\u00bbnone\u00bb parallax_bg=\u00bbtrue\u00bb parallax_bg_speed=\u00bbfast\u00bb shape_type=\u00bbspeech\u00bb][vc_column column_padding=\u00bbno-extra-padding\u00bb column_padding_position=\u00bball\u00bb background_color_opacity=\u00bb1&#8243; background_hover_color_opacity=\u00bb1&#8243; column_link_target=\u00bb_self\u00bb&#8230;<\/p>\n","protected":false},"author":3,"featured_media":0,"parent":0,"menu_order":0,"comment_status":"closed","ping_status":"closed","template":"","meta":{"_acf_changed":false,"_joinchat":[],"footnotes":""},"class_list":["post-2645","page","type-page","status-publish"],"acf":[],"_links":{"self":[{"href":"https:\/\/mrberendsen.nl\/es\/wp-json\/wp\/v2\/pages\/2645","targetHints":{"allow":["GET"]}}],"collection":[{"href":"https:\/\/mrberendsen.nl\/es\/wp-json\/wp\/v2\/pages"}],"about":[{"href":"https:\/\/mrberendsen.nl\/es\/wp-json\/wp\/v2\/types\/page"}],"author":[{"embeddable":true,"href":"https:\/\/mrberendsen.nl\/es\/wp-json\/wp\/v2\/users\/3"}],"replies":[{"embeddable":true,"href":"https:\/\/mrberendsen.nl\/es\/wp-json\/wp\/v2\/comments?post=2645"}],"version-history":[{"count":4,"href":"https:\/\/mrberendsen.nl\/es\/wp-json\/wp\/v2\/pages\/2645\/revisions"}],"predecessor-version":[{"id":3245,"href":"https:\/\/mrberendsen.nl\/es\/wp-json\/wp\/v2\/pages\/2645\/revisions\/3245"}],"wp:attachment":[{"href":"https:\/\/mrberendsen.nl\/es\/wp-json\/wp\/v2\/media?parent=2645"}],"curies":[{"name":"wp","href":"https:\/\/api.w.org\/{rel}","templated":true}]}}