{"id":2690,"date":"2023-08-11T21:02:56","date_gmt":"2023-08-11T19:02:56","guid":{"rendered":"https:\/\/mrberendsen.nl\/tarifas\/"},"modified":"2026-01-06T16:01:22","modified_gmt":"2026-01-06T15:01:22","slug":"tarifas","status":"publish","type":"page","link":"https:\/\/mrberendsen.nl\/es\/tarifas\/","title":{"rendered":"Tarifas"},"content":{"rendered":"[vc_row type=\u00bbfull_width_background\u00bb full_screen_row_position=\u00bbmiddle\u00bb column_margin=\u00bbdefault\u00bb column_direction=\u00bbdefault\u00bb column_direction_tablet=\u00bbdefault\u00bb column_direction_phone=\u00bbdefault\u00bb bg_color=\u00bb#ffffff\u00bb scene_position=\u00bbcenter\u00bb top_padding=\u00bb4%\u00bb bottom_padding=\u00bb4%\u00bb text_color=\u00bbdark\u00bb text_align=\u00bbleft\u00bb row_border_radius=\u00bbnone\u00bb row_border_radius_applies=\u00bbbg\u00bb row_position_desktop=\u00bbdefault\u00bb row_position_tablet=\u00bbinherit\u00bb row_position_phone=\u00bbinherit\u00bb overflow=\u00bbvisible\u00bb overlay_strength=\u00bb1&#8243; gradient_direction=\u00bbleft_to_right\u00bb shape_divider_position=\u00bbbottom\u00bb bg_image_animation=\u00bbnone\u00bb shape_type=\u00bb\u00bb][vc_column column_padding=\u00bbno-extra-padding\u00bb column_padding_tablet=\u00bbinherit\u00bb column_padding_phone=\u00bbinherit\u00bb column_padding_position=\u00bball\u00bb flex_gap_desktop=\u00bb10px\u00bb column_element_direction_desktop=\u00bbdefault\u00bb column_element_spacing=\u00bbdefault\u00bb desktop_text_alignment=\u00bbdefault\u00bb tablet_text_alignment=\u00bbdefault\u00bb phone_text_alignment=\u00bbdefault\u00bb background_color_opacity=\u00bb1&#8243; background_hover_color_opacity=\u00bb1&#8243; column_backdrop_filter=\u00bbnone\u00bb column_shadow=\u00bbnone\u00bb column_border_radius=\u00bbnone\u00bb column_link_target=\u00bb_self\u00bb column_position=\u00bbdefault\u00bb gradient_direction=\u00bbleft_to_right\u00bb overlay_strength=\u00bb0.3&#8243; width=\u00bb2\/3&#8243; tablet_width_inherit=\u00bbdefault\u00bb animation_type=\u00bbdefault\u00bb bg_image_animation=\u00bbnone\u00bb border_type=\u00bbsimple\u00bb column_border_width=\u00bbnone\u00bb column_border_style=\u00bbsolid\u00bb][vc_row_inner column_margin=\u00bbdefault\u00bb column_direction=\u00bbdefault\u00bb column_direction_tablet=\u00bbdefault\u00bb column_direction_phone=\u00bbdefault\u00bb text_align=\u00bbleft\u00bb row_position=\u00bbdefault\u00bb row_position_tablet=\u00bbinherit\u00bb row_position_phone=\u00bbinherit\u00bb overflow=\u00bbvisible\u00bb pointer_events=\u00bball\u00bb][vc_column_inner column_padding=\u00bbno-extra-padding\u00bb column_padding_tablet=\u00bbinherit\u00bb column_padding_phone=\u00bbinherit\u00bb column_padding_position=\u00bball\u00bb flex_gap_desktop=\u00bb10px\u00bb column_element_direction_desktop=\u00bbdefault\u00bb column_element_spacing=\u00bbdefault\u00bb desktop_text_alignment=\u00bbdefault\u00bb tablet_text_alignment=\u00bbdefault\u00bb phone_text_alignment=\u00bbdefault\u00bb background_color_opacity=\u00bb1&#8243; background_hover_color_opacity=\u00bb1&#8243; column_backdrop_filter=\u00bbnone\u00bb column_shadow=\u00bbnone\u00bb column_border_radius=\u00bbnone\u00bb column_link_target=\u00bb_self\u00bb overflow=\u00bbvisible\u00bb gradient_direction=\u00bbleft_to_right\u00bb overlay_strength=\u00bb0.3&#8243; width=\u00bb1\/1&#8243; tablet_width_inherit=\u00bbdefault\u00bb animation_type=\u00bbdefault\u00bb bg_image_animation=\u00bbnone\u00bb border_type=\u00bbsimple\u00bb column_border_width=\u00bbnone\u00bb column_border_style=\u00bbsolid\u00bb][split_line_heading line_reveal_by_space_text_effect=\u00bbdefault\u00bb font_style=\u00bbh1&#8243; text_color=\u00bb#000000&#8243; content_alignment=\u00bbdefault\u00bb mobile_content_alignment=\u00bbinherit\u00bb animation_type=\u00bbline-reveal-by-space\u00bb link_target=\u00bb_self\u00bb text_content=\u00bbTarifas claras\u00bb]\n<h3>Tarifas claras<\/h3>\n[\/split_line_heading][vc_column_text css=\u00bb\u00bb text_direction=\u00bbdefault\u00bb]<strong>Tarifa todo incluido:<\/strong> Una tarifa horaria clara de 377 \u20ac (Lic. Berendsen) o 188,50 \u20ac (Lic. Blom), m\u00e1s IVA, sin costes ocultos.<\/p>\n<p>Muchos despachos cobran un \u00abrecargo de oficina\u00bb de hasta el 7%, adem\u00e1s de la tarifa por hora. Creemos que esto no tiene sentido. Todo est\u00e1 incluido en el importe que usted paga. Sin recargo de oficina. (Sin embargo, s\u00ed tiene que reembolsarnos los gastos que paguemos en su nombre al tribunal, al alguacil u otros terceros).<\/p>\n<p><strong>\u00bfCu\u00e1ntas horas dedicar\u00e1n a mi caso?<br \/>\n<\/strong><\/p>\n<p>Mucho depende, por supuesto, de la cantidad de documentos y correspondencia que tengamos que leer para evaluar adecuadamente su caso. Una regla general, basada en a\u00f1os de experiencia, es la siguiente:<\/p>\n<ul>\n<li>5 horas de asesoramiento sin necesidad de negociar con la parte contraria;<\/li>\n<li>10 horas de representaci\u00f3n y negociaci\u00f3n con la parte contraria;<\/li>\n<li>20 horas para procedimientos judiciales.<\/li>\n<\/ul>\n<p>Si no tiene derecho a asistencia jur\u00eddica subvencionada, le pediremos un anticipo por el n\u00famero previsto de horas y por las tasas judiciales (si procede). Determinamos el n\u00famero de horas previstas de acuerdo con la regla emp\u00edrica anterior.<\/p>\n<p><a href=\"https:\/\/mrberendsen.nl\/es\/gana-un-juicio-la-otra-parte-paga-tus-abogados-no-tan-rapido\/\" target=\"_blank\" rel=\"noopener\"><em>\u00bfGana un juicio? \u00bfLa otra parte paga tus abogados? \u00a1No tan r\u00e1pido!<\/em><\/a><\/p>\n<p><strong>Recargo por urgencia o prioridad<\/strong><\/p>\n<p>\u00bfSu caso es especialmente urgente o solicita un tratamiento prioritario por alg\u00fan otro motivo? Si es as\u00ed, podemos cobrarle un recargo del 50% sobre nuestros honorarios habituales. Se lo comentaremos expl\u00edcitamente antes de tramitar su caso para evitar sorpresas.<\/p>\n<p><strong>Asistencia jur\u00eddica pro deo\/subvencionada o un descuento de hasta el 75% de nuestra tarifa habitual<\/strong><\/p>\n<p>\u00bfTiene derecho a asistencia jur\u00eddica subvencionada? En ese caso, solicitaremos esa ayuda por usted y trabajaremos conforme a ese r\u00e9gimen (es decir, \u00abpro deo\u00bb), viva donde viva, siempre que se trate de un asunto jur\u00eddico para el que los tribunales neerlandeses sean competentes. En la tabla siguiente puede ver cu\u00e1l ser\u00e1 su contribuci\u00f3n personal para la asistencia jur\u00eddica. Se trata de una contribuci\u00f3n monetaria \u00fanica, que deber\u00e1 abonarnos una vez concedida la ayuda. No obstante, si es necesario iniciar un procedimiento judicial, tambi\u00e9n puede tener que pagar tasas judiciales (hasta aproximadamente 100 \u20ac en primera instancia y hasta aproximadamente 360 \u20ac en apelaci\u00f3n).<\/p>\n<p>\u00bfNo puede acogerse (o casi no puede) a la asistencia jur\u00eddica subvencionada porque el litigio est\u00e1 relacionado con su negocio (derivado de la gesti\u00f3n de una empresa) o porque ten\u00eda y tiene demasiados ingresos, pero nuestra tarifa habitual es un problema para usted? Con nosotros, puede optar a un descuento sobre nuestra tarifa horaria.<\/p>\n<p><strong>\u00bfCumple las siguientes condiciones?<\/strong><\/p>\n<ul>\n<li>Usted (y su pareja fiscal) no ten\u00eda patrimonio por encima del importe umbral hace dos a\u00f1os y este a\u00f1o (en 2024: 36.952 \u20ac).<\/li>\n<li>Sus ingresos imponibles en el a\u00f1o de referencia (hace dos a\u00f1os) fueron inferiores a los importes indicados a continuaci\u00f3n. (Por ingresos imponibles entendemos ingresos por trabajo o prestaciones, independientemente del pa\u00eds del mundo en que los haya percibido).<\/li>\n<\/ul>\n<p><strong>Entonces env\u00edenos la informaci\u00f3n que necesitamos:<\/strong><\/p>\n<ol>\n<li>Una copia del documento de identidad de usted y de su pareja (puede censurar la foto del documento por su seguridad).<\/li>\n<li>Una <a href=\"https:\/\/www.belastingdienst.nl\/wps\/wcm\/connect\/nl\/werk-en-inkomen\/content\/hoe-kom-ik-aan-een-inkomensverklaring\" target=\"_blank\" rel=\"noopener\">declaraci\u00f3n de ingresos<\/a> del a\u00f1o de referencia (que es el a\u00f1o en curso menos dos) de usted y de su pareja.<\/li>\n<li>\u00bfHa tenido ingresos en el extranjero? Entonces env\u00edenos cumplimentado el impreso \u00ab<a href=\"https:\/\/www.rvr.org\/publish\/pages\/4642\/income_and_assets_form_versie_2_00.pdf\" target=\"_blank\" rel=\"noopener\">Declaraci\u00f3n de ingresos y patrimonio<\/a>\u00bb del Consejo de Asistencia Jur\u00eddica. No olvide adjuntar los justificantes solicitados en dicho impreso y facilitarnos el BSN de usted y de su pareja.<\/li>\n<li>Facil\u00edtenos su direcci\u00f3n completa. Si su direcci\u00f3n no coincide con la direcci\u00f3n en la que est\u00e1 empadronado en el municipio, facil\u00edtenos ambas direcciones y expl\u00edquenos por escrito por qu\u00e9 difieren.<\/li>\n<li>Env\u00edenos \u00fanicamente documentos PDF <a href=\"https:\/\/mrberendsen.nl\/es\/como-entrego-un-buen-expediente\/\" target=\"_blank\" rel=\"noopener\">siguiendo estas instrucciones<\/a>. Si no puede hacerlo, pida ayuda a alguien. Si no es posible, concierte una cita para venir a entregarnos todo en papel. Nosotros escanearemos sus documentos.<\/li>\n<\/ol>\n<table width=\"657\">\n<tbody>\n<tr>\n<td width=\"223\"><strong>Soltero\/a<\/strong><\/td>\n<td width=\"155\"><strong>Normas 2026<\/strong><\/td>\n<td width=\"279\"><strong>Familia casada, cohabitando o monoparental<\/strong><\/td>\n<\/tr>\n<tr>\n<td width=\"223\">Ingreso fiscal anual en el a\u00f1o de referencia<\/td>\n<td width=\"155\">Copago \/ Descuento<\/td>\n<td width=\"279\">Ingreso fiscal anual en el a\u00f1o de referencia<\/td>\n<\/tr>\n<tr>\n<td width=\"223\">hasta 25.200 \u20ac<\/td>\n<td width=\"155\">188 \u20ac<\/td>\n<td width=\"279\">hasta 35.000 \u20ac<\/td>\n<\/tr>\n<tr>\n<td width=\"223\">25.201 &#8211; 25.900 \u20ac<\/td>\n<td width=\"155\">406 \u20ac<\/td>\n<td width=\"279\">35.001 &#8211; 36.200 \u20ac<\/td>\n<\/tr>\n<tr>\n<td width=\"223\">25.901 &#8211; 27.500 \u20ac<\/td>\n<td width=\"155\">609 \u20ac<\/td>\n<td width=\"279\">36.201 &#8211; 37.900 \u20ac<\/td>\n<\/tr>\n<tr>\n<td width=\"223\">27.501 &#8211; 29.800 \u20ac<\/td>\n<td width=\"155\">813 \u20ac<\/td>\n<td width=\"279\">37.901 &#8211; 42.400 \u20ac<\/td>\n<\/tr>\n<tr>\n<td width=\"223\">29.801 &#8211; 35.400 \u20ac<\/td>\n<td width=\"155\">1.015 \u20ac<\/td>\n<td width=\"279\">42.401 &#8211; 50.000 \u20ac<\/td>\n<\/tr>\n<tr>\n<td width=\"223\">35.401 &#8211; 46.400 \u20ac<\/td>\n<td width=\"155\">75 % descuento<\/td>\n<td width=\"279\">50.001 &#8211; 60.200 \u20ac<\/td>\n<\/tr>\n<tr>\n<td width=\"223\">46.401 &#8211; 57.400 \u20ac<\/td>\n<td width=\"155\">50 % descuento<\/td>\n<td width=\"279\">60.201 &#8211; 73.400 \u20ac<\/td>\n<\/tr>\n<tr>\n<td width=\"223\">57.401 &#8211; 75.400 \u20ac<\/td>\n<td width=\"155\">25 % descuento<\/td>\n<td width=\"279\">73.401 &#8211; 89.600 \u20ac<\/td>\n<\/tr>\n<tr>\n<td width=\"223\"><strong>&gt; 75.400 \u20ac<\/strong><\/td>\n<td width=\"155\"><strong>Ning\u00fan descuento<\/strong><\/td>\n<td width=\"279\"><strong>&gt; 89.600 \u20ac<\/strong><\/td>\n<\/tr>\n<\/tbody>\n<\/table>\n<p><strong>Evaluaci\u00f3n del resultado<\/strong><\/p>\n<p>Usted seguir\u00e1 teniendo que pagar por su cuenta todos los honorarios del abogado si el producto del asunto es igual o superior al umbral de resultado. En 2026, este umbral ser\u00e1 19.239,50. Esto significa que, de forma retroactiva, usted no tendr\u00e1 derecho a asistencia jur\u00eddica subvencionada ni a un descuento sobre nuestra tarifa habitual para su caso. La idea detr\u00e1s de esto es que el resultado favorable de nuestro trabajo debe permitirle pagar nuestra tarifa normal. Puede encontrar <a href=\"https:\/\/www.rechtsbijstand.nl\/krijg-mediation-rechtsbijstand\/resultaatbeoordeling\/wanneer-alsnog-betalen\/\" target=\"_blank\" rel=\"noopener\">m\u00e1s informaci\u00f3n aqu\u00ed<\/a>.[\/vc_column_text][\/vc_column_inner][\/vc_row_inner][vc_row_inner column_margin=\u00bbdefault\u00bb column_direction=\u00bbdefault\u00bb column_direction_tablet=\u00bbdefault\u00bb column_direction_phone=\u00bbdefault\u00bb top_padding=\u00bb20&#8243; text_align=\u00bbleft\u00bb row_position=\u00bbdefault\u00bb row_position_tablet=\u00bbinherit\u00bb row_position_phone=\u00bbinherit\u00bb overflow=\u00bbvisible\u00bb pointer_events=\u00bball\u00bb][vc_column_inner column_padding=\u00bbno-extra-padding\u00bb column_padding_tablet=\u00bbinherit\u00bb column_padding_phone=\u00bbinherit\u00bb column_padding_position=\u00bball\u00bb flex_gap_desktop=\u00bb10px\u00bb column_element_direction_desktop=\u00bbdefault\u00bb column_element_spacing=\u00bbdefault\u00bb desktop_text_alignment=\u00bbdefault\u00bb tablet_text_alignment=\u00bbdefault\u00bb phone_text_alignment=\u00bbdefault\u00bb background_color_opacity=\u00bb1&#8243; background_hover_color_opacity=\u00bb1&#8243; column_backdrop_filter=\u00bbnone\u00bb column_shadow=\u00bbnone\u00bb column_border_radius=\u00bbnone\u00bb column_link_target=\u00bb_self\u00bb overflow=\u00bbvisible\u00bb gradient_direction=\u00bbleft_to_right\u00bb overlay_strength=\u00bb0.3&#8243; width=\u00bb1\/1&#8243; tablet_width_inherit=\u00bbdefault\u00bb animation_type=\u00bbdefault\u00bb enable_animation=\u00bbtrue\u00bb animation=\u00bbfade-in-from-left\u00bb animation_easing=\u00bbdefault\u00bb bg_image_animation=\u00bbnone\u00bb border_type=\u00bbsimple\u00bb column_border_width=\u00bbnone\u00bb column_border_style=\u00bbsolid\u00bb][nectar_cta btn_style=\u00bbsee-through\u00bb heading_tag=\u00bbh5&#8243; link_type=\u00bbregular\u00bb button_color=\u00bbdefault\u00bb text_color=\u00bb#bd1920&#8243; button_border_thickness=\u00bb0px\u00bb alignment=\u00bbleft\u00bb alignment_tablet=\u00bbdefault\u00bb alignment_phone=\u00bbdefault\u00bb display=\u00bbblock\u00bb display_tablet=\u00bbinherit\u00bb display_phone=\u00bbinherit\u00bb link_text=\u00bbConcierte una cita\u00bb url=\u00bb\/contact\/\u00bb][\/vc_column_inner][\/vc_row_inner][\/vc_column][vc_column column_padding=\u00bbno-extra-padding\u00bb column_padding_tablet=\u00bbinherit\u00bb column_padding_phone=\u00bbinherit\u00bb column_padding_position=\u00bball\u00bb flex_gap_desktop=\u00bb10px\u00bb column_element_direction_desktop=\u00bbdefault\u00bb column_element_spacing=\u00bbdefault\u00bb desktop_text_alignment=\u00bbdefault\u00bb tablet_text_alignment=\u00bbdefault\u00bb phone_text_alignment=\u00bbdefault\u00bb background_color_opacity=\u00bb1&#8243; background_hover_color_opacity=\u00bb1&#8243; column_backdrop_filter=\u00bbnone\u00bb column_shadow=\u00bbnone\u00bb column_border_radius=\u00bbnone\u00bb column_link_target=\u00bb_self\u00bb column_position=\u00bbdefault\u00bb gradient_direction=\u00bbleft_to_right\u00bb overlay_strength=\u00bb0.3&#8243; width=\u00bb1\/3&#8243; tablet_width_inherit=\u00bbdefault\u00bb animation_type=\u00bbdefault\u00bb bg_image_animation=\u00bbnone\u00bb border_type=\u00bbsimple\u00bb column_border_width=\u00bbnone\u00bb column_border_style=\u00bbsolid\u00bb][recent_posts style=\u00bbdefault\u00bb columns=\u00bb1&#8243; category=\u00bbsin-categorizar\u00bb order=\u00bbDESC\u00bb orderby=\u00bbdate\u00bb][\/vc_column][\/vc_row]\n","protected":false},"excerpt":{"rendered":"<p>[vc_row type=\u00bbfull_width_background\u00bb full_screen_row_position=\u00bbmiddle\u00bb column_margin=\u00bbdefault\u00bb column_direction=\u00bbdefault\u00bb column_direction_tablet=\u00bbdefault\u00bb column_direction_phone=\u00bbdefault\u00bb bg_color=\u00bb#ffffff\u00bb scene_position=\u00bbcenter\u00bb top_padding=\u00bb4%\u00bb bottom_padding=\u00bb4%\u00bb text_color=\u00bbdark\u00bb text_align=\u00bbleft\u00bb row_border_radius=\u00bbnone\u00bb row_border_radius_applies=\u00bbbg\u00bb row_position_desktop=\u00bbdefault\u00bb row_position_tablet=\u00bbinherit\u00bb row_position_phone=\u00bbinherit\u00bb overflow=\u00bbvisible\u00bb overlay_strength=\u00bb1&#8243; gradient_direction=\u00bbleft_to_right\u00bb shape_divider_position=\u00bbbottom\u00bb bg_image_animation=\u00bbnone\u00bb shape_type=\u00bb\u00bb][vc_column column_padding=\u00bbno-extra-padding\u00bb column_padding_tablet=\u00bbinherit\u00bb column_padding_phone=\u00bbinherit\u00bb column_padding_position=\u00bball\u00bb flex_gap_desktop=\u00bb10px\u00bb column_element_direction_desktop=\u00bbdefault\u00bb&#8230;<\/p>\n","protected":false},"author":3,"featured_media":0,"parent":0,"menu_order":0,"comment_status":"closed","ping_status":"closed","template":"","meta":{"_acf_changed":false,"_joinchat":[],"footnotes":""},"class_list":["post-2690","page","type-page","status-publish"],"acf":[],"_links":{"self":[{"href":"https:\/\/mrberendsen.nl\/es\/wp-json\/wp\/v2\/pages\/2690","targetHints":{"allow":["GET"]}}],"collection":[{"href":"https:\/\/mrberendsen.nl\/es\/wp-json\/wp\/v2\/pages"}],"about":[{"href":"https:\/\/mrberendsen.nl\/es\/wp-json\/wp\/v2\/types\/page"}],"author":[{"embeddable":true,"href":"https:\/\/mrberendsen.nl\/es\/wp-json\/wp\/v2\/users\/3"}],"replies":[{"embeddable":true,"href":"https:\/\/mrberendsen.nl\/es\/wp-json\/wp\/v2\/comments?post=2690"}],"version-history":[{"count":21,"href":"https:\/\/mrberendsen.nl\/es\/wp-json\/wp\/v2\/pages\/2690\/revisions"}],"predecessor-version":[{"id":3273,"href":"https:\/\/mrberendsen.nl\/es\/wp-json\/wp\/v2\/pages\/2690\/revisions\/3273"}],"wp:attachment":[{"href":"https:\/\/mrberendsen.nl\/es\/wp-json\/wp\/v2\/media?parent=2690"}],"curies":[{"name":"wp","href":"https:\/\/api.w.org\/{rel}","templated":true}]}}