{"id":322,"date":"2018-08-23T13:50:21","date_gmt":"2018-08-23T13:50:21","guid":{"rendered":"https:\/\/mrberendsen.nl\/declaration-de-confidentialite\/"},"modified":"2023-08-30T13:53:22","modified_gmt":"2023-08-30T11:53:22","slug":"declaration-de-confidentialite","status":"publish","type":"page","link":"https:\/\/mrberendsen.nl\/fr\/declaration-de-confidentialite\/","title":{"rendered":"D\u00e9claration de confidentialit\u00e9"},"content":{"rendered":"<p>Mr. Berendsen Advocaten respecte la vie priv\u00e9e de ses clients, des visiteurs de son site internet et des autres.<\/p>\n<p>Nous sommes heureux d&rsquo;expliquer comment nous traitons vos donn\u00e9es \u00e0 caract\u00e8re personnel et comment vous pouvez exercer vos droits en vertu du R\u00e8glement g\u00e9n\u00e9ral sur la protection des donn\u00e9es (RGPD). Nous traitons vos donn\u00e9es \u00e0 caract\u00e8re personnel conform\u00e9ment \u00e0 la loi et uniquement de la mani\u00e8re d\u00e9crite ici.<\/p>\n<h4>Site internet et cookies<\/h4>\n<p>Notre site utilise vos donn\u00e9es \u00e0 caract\u00e8re personnel pour personnaliser le contenu le plus possible, pour mesurer l&rsquo;utilisation et pour l&rsquo;optimisation du site et pour le partage des m\u00e9dias sociaux. Par exemple, le site internet sera automatiquement affich\u00e9 en fran\u00e7ais \u00e0 un visiteur de France, alors qu\u2019il sera affich\u00e9 en n\u00e9erlandais si vous l\u2019appelez des Pays-Bas.<\/p>\n<p>Notre site internet peut enregistrer l&rsquo;adresse IP de votre ordinateur, l&rsquo;heure de votre visite et les informations que le navigateur d&rsquo;un visiteur envoie.<\/p>\n<p>Notre site internet utilise trois types de cookies: les cookies n\u00e9cessaires, les cookies analytiques et les plug-ins de r\u00e9seaux sociaux. Un cookie est un petit fichier texte enregistr\u00e9 sur le p\u00e9riph\u00e9rique que vous utilisez pour charger le site internet. Les informations relatives \u00e0 votre visite sont enregistr\u00e9es dans ce fichier texte. Cette information peut \u00eatre reconnue par notre site internet lors d&rsquo;une visite ult\u00e9rieure. Parfois, un autre site internet peut \u00e9galement acc\u00e9der le cookie et y enregistrer des informations.<\/p>\n<h4>Cookies n\u00e9cessaires<\/h4>\n<p>Les cookies n\u00e9cessaires sont des cookies essentiels au fonctionnement du site internet, par exemple cookies pour m\u00e9moriser vos pr\u00e9f\u00e9rences concernant les cookies ou la langue dans laquelle le site internet est affich\u00e9.<\/p>\n<h4>Cookies analytiques<\/h4>\n<p>Les cookies analytiques sont des cookies utilis\u00e9s pour suivre la mani\u00e8re dont les utilisateurs utilisent le site ineternet. De plus, nous utilisons l&rsquo;outil Google Analytics. Les informations sont transf\u00e9r\u00e9es et enregistr\u00e9es par Google sur les serveurs de Google aux \u00c9tats-Unis au moyen de cookies analytiques, notamment l&rsquo;adresse de votre ordinateur (adresse IP). Google est affili\u00e9 au Bouclier de protection des donn\u00e9es UE-\u00c9tats-Unis. Nous avons pris des mesures au sein de Google Analytics afin que la tra\u00e7abilit\u00e9 des visiteurs sur le site internet soit limit\u00e9e. Nous n&rsquo;autorisons pas \u00e0 Google d\u2019utiliser les informations obtenues pour d&rsquo;autres services Google. Google peut fournir les informations obtenues \u00e0 des tiers si Google est l\u00e9galement oblig\u00e9 de le faire, ou dans la mesure o\u00f9 ces tiers traitent ces informations pour le compte de Google (processeurs Google). Lisez la politique de confidentialit\u00e9 de Google pour plus d&rsquo;informations, ainsi que la politique de confidentialit\u00e9 sp\u00e9cifique de Google Analytics.<\/p>\n<h4>Plugins de m\u00e9dias sociaux<\/h4>\n<p>Les articles sur notre site internet peuvent \u00eatre partag\u00e9s avec des boutons des r\u00e9seaux sociaux LinkedIn, Twitter et Facebook. Le partage des articles se fait avec un code fourni par LinkedIn, Twitter et Facebook. Ces codes utilisent des cookies. Lisez les d\u00e9clarations de confidentialit\u00e9 (qui changent r\u00e9guli\u00e8rement) de LinkedIn, Twitter et Facebook pour voir ce qu&rsquo;elles font avec vos donn\u00e9es \u00e0 caract\u00e8re personnel (y compris le transfert \u00e9ventuel de vos donn\u00e9es \u00e0 caract\u00e8re personnel en dehors de l&rsquo;UE \/ EEE).<\/p>\n<p>Vous avez le contr\u00f4le des cookies vous-m\u00eame et vous pouvez refuser leur enregistrement en modifiant les param\u00e8tres des cookies dans votre navigateur. La plupart des navigateurs ont des options pour bloquer les cookies, \u00eatre inform\u00e9s de l&rsquo;enregistrement d&rsquo;un cookie et supprimer les cookies. En refusant des cookies ou en supprimant nos cookies, vous risquez de ne pouvoir utiliser notre site internet comme il \u00e9tait con\u00e7u.<\/p>\n<h4>Candidature \u00e0 un poste<\/h4>\n<p>Si vous postulez pour un emploi ou un stage chez nous, nous traitons les donn\u00e9es \u00e0 caract\u00e8re personnel que vous nous fournissez. Nous conservons ces donn\u00e9es pendant un an au maximum.<\/p>\n<h4>Vos droits<\/h4>\n<p>Vous avez toujours le droit de demander l&rsquo;acc\u00e8s, la correction et la suppression de vos donn\u00e9es \u00e0 caract\u00e8re personnel. Vous pouvez \u00e9galement vous opposer au traitement (ult\u00e9rieur) de vos donn\u00e9es \u00e0 caract\u00e8re personnel. Dans la mesure o\u00f9 nous traitons vos donn\u00e9es \u00e0 caract\u00e8re personnel \u00e0 la base d\u2019une autorisation ou de l\u2019ex\u00e9cution d\u2019un contrat avec vous, vous avez le droit d\u2019obtenir vos donn\u00e9es dans une forme structur\u00e9e, \u00e0 jour et lisible par machine et, si cela est techniquement possible, de les transf\u00e9rer \u00e0 une autre partie responsable (portabilit\u00e9 des donn\u00e9es).<\/p>\n<p>Nous ne conservons vos donn\u00e9es \u00e0 caract\u00e8re personnel pas plus longtemps que n\u00e9cessaire aux fins pour lesquelles elles ont \u00e9t\u00e9 collect\u00e9es.<\/p>\n<p>Pour exercer votre droit \u00e0 la vie priv\u00e9e, veuillez envoyer une demande par e-mail \u00e0 info@mrberendsen.nl ou par courrier traditionnel \u00e0 Mr. Berendsen Advocaten, \u00e0 l&rsquo;attention du\u00a0 responsable du traitement, B.P. 93527, 1090 EA Amsterdam.<\/p>\n<p>Si vous croyez que nous traitons vos donn\u00e9es \u00e0 caract\u00e8re personnel en violation de la loi, vous pouvez d\u00e9poser une plainte aupr\u00e8s de nous (voir ci-dessus), mais vous pouvez \u00e9galement d\u00e9poser une plainte aupr\u00e8s de <a href=\"https:\/\/autoriteitpersoonsgegevens.nl\/nl\/zelf-doen\/privacyrechten\/klacht-indienen-bij-de-ap\">l&rsquo;autorit\u00e9 n\u00e9erlandaise de protection des donn\u00e9es<\/a>.<\/p>\n<h4>Modifications de cette d\u00e9claration de confidentialit\u00e9<\/h4>\n<p>Nous nous r\u00e9servons le droit de modifier cette d\u00e9claration de confidentialit\u00e9. Consultez cette page pour obtenir version la plus r\u00e9cente.<\/p>\n<h4>Questions?<\/h4>\n<p>Avez-vous des questions? Appelez-nous (+31 20-6630339) ou \u00e9crivez-nous: info@mrberendsen.nl<\/p>\n<p>Cette d\u00e9claration de confidentialit\u00e9 a \u00e9t\u00e9 modifi\u00e9e pour la derni\u00e8re fois en juillet 2018.<\/p>\n","protected":false},"excerpt":{"rendered":"<p>Mr. Berendsen Advocaten respecte la vie priv\u00e9e de ses clients, des visiteurs de son site internet et des autres. Nous sommes heureux d&rsquo;expliquer comment nous traitons vos donn\u00e9es \u00e0 caract\u00e8re&#8230;<\/p>\n","protected":false},"author":3,"featured_media":0,"parent":0,"menu_order":0,"comment_status":"closed","ping_status":"closed","template":"","meta":{"_acf_changed":false,"_joinchat":[],"footnotes":""},"class_list":["post-322","page","type-page","status-publish"],"acf":[],"_links":{"self":[{"href":"https:\/\/mrberendsen.nl\/fr\/wp-json\/wp\/v2\/pages\/322","targetHints":{"allow":["GET"]}}],"collection":[{"href":"https:\/\/mrberendsen.nl\/fr\/wp-json\/wp\/v2\/pages"}],"about":[{"href":"https:\/\/mrberendsen.nl\/fr\/wp-json\/wp\/v2\/types\/page"}],"author":[{"embeddable":true,"href":"https:\/\/mrberendsen.nl\/fr\/wp-json\/wp\/v2\/users\/3"}],"replies":[{"embeddable":true,"href":"https:\/\/mrberendsen.nl\/fr\/wp-json\/wp\/v2\/comments?post=322"}],"version-history":[{"count":1,"href":"https:\/\/mrberendsen.nl\/fr\/wp-json\/wp\/v2\/pages\/322\/revisions"}],"predecessor-version":[{"id":2809,"href":"https:\/\/mrberendsen.nl\/fr\/wp-json\/wp\/v2\/pages\/322\/revisions\/2809"}],"wp:attachment":[{"href":"https:\/\/mrberendsen.nl\/fr\/wp-json\/wp\/v2\/media?parent=322"}],"curies":[{"name":"wp","href":"https:\/\/api.w.org\/{rel}","templated":true}]}}