{"id":330,"date":"2018-08-23T15:27:56","date_gmt":"2018-08-23T15:27:56","guid":{"rendered":"https:\/\/mrberendsen.nl\/cabinet\/"},"modified":"2026-01-06T15:57:33","modified_gmt":"2026-01-06T14:57:33","slug":"tarif","status":"publish","type":"page","link":"https:\/\/mrberendsen.nl\/fr\/tarif\/","title":{"rendered":"Tarif"},"content":{"rendered":"[vc_row type=\u00a0\u00bbfull_width_background\u00a0\u00bb full_screen_row_position=\u00a0\u00bbmiddle\u00a0\u00bb column_margin=\u00a0\u00bbdefault\u00a0\u00bb column_direction=\u00a0\u00bbdefault\u00a0\u00bb column_direction_tablet=\u00a0\u00bbdefault\u00a0\u00bb column_direction_phone=\u00a0\u00bbdefault\u00a0\u00bb bg_color=\u00a0\u00bb#ffffff\u00a0\u00bb scene_position=\u00a0\u00bbcenter\u00a0\u00bb top_padding=\u00a0\u00bb4%\u00a0\u00bb bottom_padding=\u00a0\u00bb4%\u00a0\u00bb text_color=\u00a0\u00bbdark\u00a0\u00bb text_align=\u00a0\u00bbleft\u00a0\u00bb row_border_radius=\u00a0\u00bbnone\u00a0\u00bb row_border_radius_applies=\u00a0\u00bbbg\u00a0\u00bb row_position_desktop=\u00a0\u00bbdefault\u00a0\u00bb row_position_tablet=\u00a0\u00bbinherit\u00a0\u00bb row_position_phone=\u00a0\u00bbinherit\u00a0\u00bb overflow=\u00a0\u00bbvisible\u00a0\u00bb overlay_strength=\u00a0\u00bb1&Prime; gradient_direction=\u00a0\u00bbleft_to_right\u00a0\u00bb shape_divider_position=\u00a0\u00bbbottom\u00a0\u00bb bg_image_animation=\u00a0\u00bbnone\u00a0\u00bb shape_type=\u00a0\u00bb\u00a0\u00bb][vc_column column_padding=\u00a0\u00bbno-extra-padding\u00a0\u00bb column_padding_tablet=\u00a0\u00bbinherit\u00a0\u00bb column_padding_phone=\u00a0\u00bbinherit\u00a0\u00bb column_padding_position=\u00a0\u00bball\u00a0\u00bb flex_gap_desktop=\u00a0\u00bb10px\u00a0\u00bb column_element_direction_desktop=\u00a0\u00bbdefault\u00a0\u00bb column_element_spacing=\u00a0\u00bbdefault\u00a0\u00bb desktop_text_alignment=\u00a0\u00bbdefault\u00a0\u00bb tablet_text_alignment=\u00a0\u00bbdefault\u00a0\u00bb phone_text_alignment=\u00a0\u00bbdefault\u00a0\u00bb background_color_opacity=\u00a0\u00bb1&Prime; background_hover_color_opacity=\u00a0\u00bb1&Prime; column_backdrop_filter=\u00a0\u00bbnone\u00a0\u00bb column_shadow=\u00a0\u00bbnone\u00a0\u00bb column_border_radius=\u00a0\u00bbnone\u00a0\u00bb column_link_target=\u00a0\u00bb_self\u00a0\u00bb column_position=\u00a0\u00bbdefault\u00a0\u00bb gradient_direction=\u00a0\u00bbleft_to_right\u00a0\u00bb overlay_strength=\u00a0\u00bb0.3&Prime; width=\u00a0\u00bb2\/3&Prime; tablet_width_inherit=\u00a0\u00bbdefault\u00a0\u00bb animation_type=\u00a0\u00bbdefault\u00a0\u00bb bg_image_animation=\u00a0\u00bbnone\u00a0\u00bb border_type=\u00a0\u00bbsimple\u00a0\u00bb column_border_width=\u00a0\u00bbnone\u00a0\u00bb column_border_style=\u00a0\u00bbsolid\u00a0\u00bb][vc_row_inner column_margin=\u00a0\u00bbdefault\u00a0\u00bb column_direction=\u00a0\u00bbdefault\u00a0\u00bb column_direction_tablet=\u00a0\u00bbdefault\u00a0\u00bb column_direction_phone=\u00a0\u00bbdefault\u00a0\u00bb text_align=\u00a0\u00bbleft\u00a0\u00bb row_position=\u00a0\u00bbdefault\u00a0\u00bb row_position_tablet=\u00a0\u00bbinherit\u00a0\u00bb row_position_phone=\u00a0\u00bbinherit\u00a0\u00bb overflow=\u00a0\u00bbvisible\u00a0\u00bb pointer_events=\u00a0\u00bball\u00a0\u00bb][vc_column_inner column_padding=\u00a0\u00bbno-extra-padding\u00a0\u00bb column_padding_tablet=\u00a0\u00bbinherit\u00a0\u00bb column_padding_phone=\u00a0\u00bbinherit\u00a0\u00bb column_padding_position=\u00a0\u00bball\u00a0\u00bb flex_gap_desktop=\u00a0\u00bb10px\u00a0\u00bb column_element_direction_desktop=\u00a0\u00bbdefault\u00a0\u00bb column_element_spacing=\u00a0\u00bbdefault\u00a0\u00bb desktop_text_alignment=\u00a0\u00bbdefault\u00a0\u00bb tablet_text_alignment=\u00a0\u00bbdefault\u00a0\u00bb phone_text_alignment=\u00a0\u00bbdefault\u00a0\u00bb background_color_opacity=\u00a0\u00bb1&Prime; background_hover_color_opacity=\u00a0\u00bb1&Prime; column_backdrop_filter=\u00a0\u00bbnone\u00a0\u00bb column_shadow=\u00a0\u00bbnone\u00a0\u00bb column_border_radius=\u00a0\u00bbnone\u00a0\u00bb column_link_target=\u00a0\u00bb_self\u00a0\u00bb overflow=\u00a0\u00bbvisible\u00a0\u00bb gradient_direction=\u00a0\u00bbleft_to_right\u00a0\u00bb overlay_strength=\u00a0\u00bb0.3&Prime; width=\u00a0\u00bb1\/1&Prime; tablet_width_inherit=\u00a0\u00bbdefault\u00a0\u00bb animation_type=\u00a0\u00bbdefault\u00a0\u00bb bg_image_animation=\u00a0\u00bbnone\u00a0\u00bb border_type=\u00a0\u00bbsimple\u00a0\u00bb column_border_width=\u00a0\u00bbnone\u00a0\u00bb column_border_style=\u00a0\u00bbsolid\u00a0\u00bb][split_line_heading line_reveal_by_space_text_effect=\u00a0\u00bbdefault\u00a0\u00bb font_style=\u00a0\u00bbh1&Prime; text_color=\u00a0\u00bb#000000&Prime; content_alignment=\u00a0\u00bbdefault\u00a0\u00bb mobile_content_alignment=\u00a0\u00bbinherit\u00a0\u00bb animation_type=\u00a0\u00bbline-reveal-by-space\u00a0\u00bb link_target=\u00a0\u00bb_self\u00a0\u00bb text_content=\u00a0\u00bbUn tarif simple\u00a0\u00bb]\n<h3>Un tarif simple<\/h3>\n[\/split_line_heading][vc_column_text css=\u00a0\u00bb\u00a0\u00bb text_direction=\u00a0\u00bbdefault\u00a0\u00bb][vc_column_text css=\u00a0\u00bb\u00a0\u00bb text_direction=\u00a0\u00bbdefault\u00a0\u00bb]<strong>Tarif tout compris :<\/strong> Un tarif horaire clair de 377 \u20ac (Me Berendsen) ou 188,50 \u20ac (Me Blom), TVA non comprise, sans co\u00fbts cach\u00e9s.<\/p>\n<p>Soyez conscient des marges que de nombreux cabinets d\u2019avocats utilisent en Hollande ! Souvent, vous serez factur\u00e9 jusqu\u2019\u00e0 7\u2009% de plus pour les \u00ab frais de bureau \u00bb. Nous croyons que c\u2019est absurde. Tout est inclus dans notre tarif horaire. Pas de \u00ab frais de bureau \u00bb. (En revanche, vous nous remboursez les d\u00e9bours : les frais que nous payons pour vous \u00e0 des tiers tels que les huissiers, les tribunaux ou d\u2019autres prestataires.)<\/p>\n<p><strong>Combien d&rsquo;heures consacrerez-vous \u00e0 mon dossier ?<\/strong><\/p>\n<p>Tout d\u00e9pend, bien s\u00fbr, du nombre de documents et de courriers que nous devons lire pour \u00e9valuer correctement votre dossier et du temps qu&rsquo;il faut pour que vous puissiez prendre la bonne d\u00e9cision. Une r\u00e8gle g\u00e9n\u00e9rale, bas\u00e9e sur des ann\u00e9es d&rsquo;exp\u00e9rience, est la suivante :<\/p>\n<ul>\n<li>5 heures pour un conseil sans avoir \u00e0 n\u00e9gocier avec la partie adverse ;<\/li>\n<li>10 heures pour la repr\u00e9sentation et la n\u00e9gociation avec la partie adverse ;<\/li>\n<li>20 heures pour les proc\u00e9dures judiciaires.<\/li>\n<\/ul>\n<p>Si vous ne b\u00e9n\u00e9ficiez pas de l&rsquo;aide juridictionnelle subventionn\u00e9e, nous vous demanderons une provision pour le nombre d&rsquo;heures pr\u00e9vues et pour les frais de greffe (s&rsquo;il y a lieu). Nous d\u00e9terminons le nombre d&rsquo;heures pr\u00e9vues conform\u00e9ment \u00e0 la r\u00e8gle empirique ci-dessus.<\/p>\n<p><a href=\"https:\/\/mrberendsen.nl\/fr\/frais-davocat-qui-paie-en-cas-de-victoire-au-proces\/\" target=\"_blank\" rel=\"noopener\"><em>Frais d&rsquo;avocat : qui paie en cas de victoire au proc\u00e8s ?<\/em><\/a><\/p>\n<p><strong>Assistance juridique pro deo\/subventionn\u00e9e ou r\u00e9duction allant jusqu&rsquo;\u00e0 75 % de notre tarif normal<\/strong><\/p>\n<p>B\u00e9n\u00e9ficiez-vous de l\u2019aide juridictionnelle subventionn\u00e9e ? Dans ce cas, nous la demandons pour vous et nous travaillons selon ce r\u00e9gime (donc \u00ab pro deo \u00bb), o\u00f9 que vous habitiez dans le monde, tant que vous avez un litige pour lequel les tribunaux n\u00e9erlandais sont comp\u00e9tents. Dans le tableau ci-dessous, vous pouvez voir quelle sera votre contribution personnelle pour l\u2019aide juridictionnelle. Il s\u2019agit d\u2019une contribution financi\u00e8re unique, payable d\u00e8s que l\u2019aide est accord\u00e9e. Toutefois, si une proc\u00e9dure judiciaire est n\u00e9cessaire, vous pouvez \u00e9galement devoir payer des frais de greffe (jusqu\u2019\u00e0 environ 100 \u20ac en premi\u00e8re instance et jusqu\u2019\u00e0 environ 360 \u20ac en appel).<\/p>\n<p>N\u2019\u00eates-vous (tout juste) pas \u00e9ligible \u00e0 l\u2019aide juridictionnelle subventionn\u00e9e parce que le litige est de nature commerciale (li\u00e9 \u00e0 l\u2019exploitation d\u2019une entreprise) ou parce que vos revenus \u00e9taient et sont trop \u00e9lev\u00e9s, mais notre tarif normal vous pose-t-il probl\u00e8me ? Dans ce cas, vous pouvez b\u00e9n\u00e9ficier chez nous d\u2019une r\u00e9duction sur notre tarif horaire.<\/p>\n<p><strong>R\u00e9pondez-vous aux conditions suivantes ?<\/strong><\/p>\n<ul>\n<li>Vous (et votre partenaire fiscal) n\u2019aviez pas de patrimoine sup\u00e9rieur au seuil il y a deux ans et cette ann\u00e9e (en 2024 : 36.952 \u20ac).<\/li>\n<li>Votre revenu imposable de l\u2019ann\u00e9e de r\u00e9f\u00e9rence (il y a deux ans) \u00e9tait inf\u00e9rieur aux montants imprim\u00e9s ci-dessous. (Par revenu imposable, nous entendons le revenu d\u2019un emploi ou d\u2019une prestation, quel que soit le pays du monde o\u00f9 vous avez per\u00e7u ce revenu.)<\/li>\n<\/ul>\n<p><strong>Envoyez-nous ensuite les informations dont nous avons besoin :<\/strong><\/p>\n<ol>\n<li>Une copie d\u2019une pi\u00e8ce d\u2019identit\u00e9 (vous pouvez masquer la photo d\u2019identit\u00e9 pour votre s\u00e9curit\u00e9) de vous et de votre partenaire.<\/li>\n<li>Un <a href=\"https:\/\/www.belastingdienst.nl\/wps\/wcm\/connect\/nl\/werk-en-inkomen\/content\/hoe-kom-ik-aan-een-inkomensverklaring\" target=\"_blank\" rel=\"noopener\">relev\u00e9 de revenus<\/a> pour l\u2019ann\u00e9e de r\u00e9f\u00e9rence (l\u2019ann\u00e9e en cours moins deux) de vous et de votre partenaire.<\/li>\n<li>Vous avez eu des revenus \u00e0 l\u2019\u00e9tranger ? Dans ce cas, envoyez-nous le formulaire \u00ab <a href=\"https:\/\/www.rvr.org\/publish\/pages\/4644\/inkenverm_fr.pdf\" target=\"_blank\" rel=\"noopener\">Formulaire Revenus et Patrimoine<\/a> \u00bb du Conseil d\u2019aide juridique d\u00fbment compl\u00e9t\u00e9. N\u2019oubliez pas de joindre les justificatifs demand\u00e9s et de nous communiquer votre BSN (num\u00e9ro d\u2019identification n\u00e9erlandais) ainsi que celui de votre partenaire.<\/li>\n<li>Veuillez nous fournir votre adresse compl\u00e8te. Si votre adresse n\u2019est pas la m\u00eame que celle \u00e0 laquelle vous \u00eates inscrit aupr\u00e8s de la municipalit\u00e9, veuillez fournir les deux adresses et expliquer pourquoi elles diff\u00e8rent.<\/li>\n<li>N\u2019envoyez que des documents PDF en suivant <a href=\"https:\/\/mrberendsen.nl\/fr\/comment-fournir-un-bon-dossier\/\" target=\"_blank\" rel=\"noopener\">ces instructions<\/a>. Si vous n\u2019y arrivez pas, demandez de l\u2019aide \u00e0 quelqu\u2019un. Si ce n\u2019est pas possible, prenez rendez-vous pour venir nous remettre tous les documents sur papier. Nous num\u00e9riserons ensuite vos documents.<\/li>\n<\/ol>\n<table width=\"657\">\n<tbody>\n<tr>\n<td width=\"223\"><strong>C\u00e9libataire<\/strong><\/td>\n<td width=\"155\"><strong>Normes 2026<\/strong><\/td>\n<td width=\"279\"><strong>Mari\u00e9, cohabitant ou monoparental<\/strong><\/td>\n<\/tr>\n<tr>\n<td width=\"223\">Revenu fiscal annuel de l\u2019ann\u00e9e de r\u00e9f\u00e9rence<\/td>\n<td width=\"155\">Votre contribution \/ Remise<\/td>\n<td width=\"279\">Revenu fiscal annuel de l\u2019ann\u00e9e de r\u00e9f\u00e9rence<\/td>\n<\/tr>\n<tr>\n<td width=\"223\">jusqu\u2019\u00e0 25.200 \u20ac<\/td>\n<td width=\"155\">188 \u20ac<\/td>\n<td width=\"279\">jusqu\u2019\u00e0 35.000 \u20ac<\/td>\n<\/tr>\n<tr>\n<td width=\"223\">25.201 \u2013 25.900 \u20ac<\/td>\n<td width=\"155\">406 \u20ac<\/td>\n<td width=\"279\">35.001 \u2013 36.200 \u20ac<\/td>\n<\/tr>\n<tr>\n<td width=\"223\">25.901 \u2013 27.500 \u20ac<\/td>\n<td width=\"155\">609 \u20ac<\/td>\n<td width=\"279\">36.201 \u2013 37.900 \u20ac<\/td>\n<\/tr>\n<tr>\n<td width=\"223\">27.501 \u2013 29.800 \u20ac<\/td>\n<td width=\"155\">813 \u20ac<\/td>\n<td width=\"279\">37.901 \u2013 42.400 \u20ac<\/td>\n<\/tr>\n<tr>\n<td width=\"223\">29.801 \u2013 35.400 \u20ac<\/td>\n<td width=\"155\">1.015 \u20ac<\/td>\n<td width=\"279\">42.401 \u2013 50.000 \u20ac<\/td>\n<\/tr>\n<tr>\n<td width=\"223\">35.401 \u2013 46.400 \u20ac<\/td>\n<td width=\"155\">75 % remise<\/td>\n<td width=\"279\">50.001 \u2013 60.200 \u20ac<\/td>\n<\/tr>\n<tr>\n<td width=\"223\">46.401 \u2013 57.400 \u20ac<\/td>\n<td width=\"155\">50 % remise<\/td>\n<td width=\"279\">60.201 \u2013 73.400 \u20ac<\/td>\n<\/tr>\n<tr>\n<td width=\"223\">57.401 \u2013 75.400 \u20ac<\/td>\n<td width=\"155\">25 % remise<\/td>\n<td width=\"279\">73.401 \u2013 89.600 \u20ac<\/td>\n<\/tr>\n<tr>\n<td width=\"223\"><strong>&gt; 75.400 \u20ac<\/strong><\/td>\n<td width=\"155\"><strong>Pas de remise<\/strong><\/td>\n<td width=\"279\"><strong>&gt; 89.600 \u20ac<\/strong><\/td>\n<\/tr>\n<\/tbody>\n<\/table>\n<p><strong>\u00c9valuation du r\u00e9sultat<\/strong><\/p>\n<p>Vous devrez tout de m\u00eame payer vous-m\u00eame l\u2019int\u00e9gralit\u00e9 des honoraires d\u2019avocat si le produit de l\u2019affaire est \u00e9gal ou sup\u00e9rieur au seuil de r\u00e9sultat. En 2026, ce seuil sera de 19.239,50 \u20ac. Cela signifie que, r\u00e9troactivement, vous ne serez pas \u00e9ligible \u00e0 l\u2019aide juridictionnelle subventionn\u00e9e ni \u00e0 une r\u00e9duction sur notre tarif normal pour votre dossier. L\u2019id\u00e9e derri\u00e8re cela est que l\u2019issue favorable de notre travail doit vous permettre de payer notre tarif normal. Vous trouverez <a href=\"https:\/\/www.rechtsbijstand.nl\/krijg-mediation-rechtsbijstand\/resultaatbeoordeling\/wanneer-alsnog-betalen\/\" target=\"_blank\" rel=\"noopener\">plus d\u2019informations ici.<\/a>[\/vc_column_text][\/vc_column_text][\/vc_column_inner][\/vc_row_inner][vc_row_inner column_margin=\u00a0\u00bbdefault\u00a0\u00bb column_direction=\u00a0\u00bbdefault\u00a0\u00bb column_direction_tablet=\u00a0\u00bbdefault\u00a0\u00bb column_direction_phone=\u00a0\u00bbdefault\u00a0\u00bb top_padding=\u00a0\u00bb20&Prime; text_align=\u00a0\u00bbleft\u00a0\u00bb row_position=\u00a0\u00bbdefault\u00a0\u00bb row_position_tablet=\u00a0\u00bbinherit\u00a0\u00bb row_position_phone=\u00a0\u00bbinherit\u00a0\u00bb overflow=\u00a0\u00bbvisible\u00a0\u00bb pointer_events=\u00a0\u00bball\u00a0\u00bb][vc_column_inner column_padding=\u00a0\u00bbno-extra-padding\u00a0\u00bb column_padding_tablet=\u00a0\u00bbinherit\u00a0\u00bb column_padding_phone=\u00a0\u00bbinherit\u00a0\u00bb column_padding_position=\u00a0\u00bball\u00a0\u00bb flex_gap_desktop=\u00a0\u00bb10px\u00a0\u00bb column_element_direction_desktop=\u00a0\u00bbdefault\u00a0\u00bb column_element_spacing=\u00a0\u00bbdefault\u00a0\u00bb desktop_text_alignment=\u00a0\u00bbdefault\u00a0\u00bb tablet_text_alignment=\u00a0\u00bbdefault\u00a0\u00bb phone_text_alignment=\u00a0\u00bbdefault\u00a0\u00bb background_color_opacity=\u00a0\u00bb1&Prime; background_hover_color_opacity=\u00a0\u00bb1&Prime; column_backdrop_filter=\u00a0\u00bbnone\u00a0\u00bb column_shadow=\u00a0\u00bbnone\u00a0\u00bb column_border_radius=\u00a0\u00bbnone\u00a0\u00bb column_link_target=\u00a0\u00bb_self\u00a0\u00bb overflow=\u00a0\u00bbvisible\u00a0\u00bb gradient_direction=\u00a0\u00bbleft_to_right\u00a0\u00bb overlay_strength=\u00a0\u00bb0.3&Prime; width=\u00a0\u00bb1\/1&Prime; tablet_width_inherit=\u00a0\u00bbdefault\u00a0\u00bb animation_type=\u00a0\u00bbdefault\u00a0\u00bb enable_animation=\u00a0\u00bbtrue\u00a0\u00bb animation=\u00a0\u00bbfade-in-from-left\u00a0\u00bb animation_easing=\u00a0\u00bbdefault\u00a0\u00bb bg_image_animation=\u00a0\u00bbnone\u00a0\u00bb border_type=\u00a0\u00bbsimple\u00a0\u00bb column_border_width=\u00a0\u00bbnone\u00a0\u00bb column_border_style=\u00a0\u00bbsolid\u00a0\u00bb][nectar_cta btn_style=\u00a0\u00bbsee-through\u00a0\u00bb heading_tag=\u00a0\u00bbh5&Prime; link_type=\u00a0\u00bbregular\u00a0\u00bb button_color=\u00a0\u00bbdefault\u00a0\u00bb text_color=\u00a0\u00bb#bd1920&Prime; button_border_thickness=\u00a0\u00bb0px\u00a0\u00bb alignment=\u00a0\u00bbleft\u00a0\u00bb alignment_tablet=\u00a0\u00bbdefault\u00a0\u00bb alignment_phone=\u00a0\u00bbdefault\u00a0\u00bb display=\u00a0\u00bbblock\u00a0\u00bb display_tablet=\u00a0\u00bbinherit\u00a0\u00bb display_phone=\u00a0\u00bbinherit\u00a0\u00bb link_text=\u00a0\u00bbPrenez un rendez-vous\u00a0\u00bb url=\u00a0\u00bb\/contact\/\u00a0\u00bb][\/vc_column_inner][\/vc_row_inner][\/vc_column][vc_column column_padding=\u00a0\u00bbno-extra-padding\u00a0\u00bb column_padding_tablet=\u00a0\u00bbinherit\u00a0\u00bb column_padding_phone=\u00a0\u00bbinherit\u00a0\u00bb column_padding_position=\u00a0\u00bball\u00a0\u00bb flex_gap_desktop=\u00a0\u00bb10px\u00a0\u00bb column_element_direction_desktop=\u00a0\u00bbdefault\u00a0\u00bb column_element_spacing=\u00a0\u00bbdefault\u00a0\u00bb desktop_text_alignment=\u00a0\u00bbdefault\u00a0\u00bb tablet_text_alignment=\u00a0\u00bbdefault\u00a0\u00bb phone_text_alignment=\u00a0\u00bbdefault\u00a0\u00bb background_color_opacity=\u00a0\u00bb1&Prime; background_hover_color_opacity=\u00a0\u00bb1&Prime; column_backdrop_filter=\u00a0\u00bbnone\u00a0\u00bb column_shadow=\u00a0\u00bbnone\u00a0\u00bb column_border_radius=\u00a0\u00bbnone\u00a0\u00bb column_link_target=\u00a0\u00bb_self\u00a0\u00bb column_position=\u00a0\u00bbdefault\u00a0\u00bb gradient_direction=\u00a0\u00bbleft_to_right\u00a0\u00bb overlay_strength=\u00a0\u00bb0.3&Prime; width=\u00a0\u00bb1\/3&Prime; tablet_width_inherit=\u00a0\u00bbdefault\u00a0\u00bb animation_type=\u00a0\u00bbdefault\u00a0\u00bb bg_image_animation=\u00a0\u00bbnone\u00a0\u00bb border_type=\u00a0\u00bbsimple\u00a0\u00bb column_border_width=\u00a0\u00bbnone\u00a0\u00bb column_border_style=\u00a0\u00bbsolid\u00a0\u00bb][recent_posts style=\u00a0\u00bbdefault\u00a0\u00bb columns=\u00a0\u00bb1&Prime; category=\u00a0\u00bbnon-classifiee\u00a0\u00bb order=\u00a0\u00bbDESC\u00a0\u00bb orderby=\u00a0\u00bbdate\u00a0\u00bb][\/vc_column][\/vc_row]\n","protected":false},"excerpt":{"rendered":"<p>[vc_row type=\u00a0\u00bbfull_width_background\u00a0\u00bb full_screen_row_position=\u00a0\u00bbmiddle\u00a0\u00bb column_margin=\u00a0\u00bbdefault\u00a0\u00bb column_direction=\u00a0\u00bbdefault\u00a0\u00bb column_direction_tablet=\u00a0\u00bbdefault\u00a0\u00bb column_direction_phone=\u00a0\u00bbdefault\u00a0\u00bb bg_color=\u00a0\u00bb#ffffff\u00a0\u00bb scene_position=\u00a0\u00bbcenter\u00a0\u00bb top_padding=\u00a0\u00bb4%\u00a0\u00bb bottom_padding=\u00a0\u00bb4%\u00a0\u00bb text_color=\u00a0\u00bbdark\u00a0\u00bb text_align=\u00a0\u00bbleft\u00a0\u00bb row_border_radius=\u00a0\u00bbnone\u00a0\u00bb row_border_radius_applies=\u00a0\u00bbbg\u00a0\u00bb row_position_desktop=\u00a0\u00bbdefault\u00a0\u00bb row_position_tablet=\u00a0\u00bbinherit\u00a0\u00bb row_position_phone=\u00a0\u00bbinherit\u00a0\u00bb overflow=\u00a0\u00bbvisible\u00a0\u00bb overlay_strength=\u00a0\u00bb1&Prime; gradient_direction=\u00a0\u00bbleft_to_right\u00a0\u00bb shape_divider_position=\u00a0\u00bbbottom\u00a0\u00bb bg_image_animation=\u00a0\u00bbnone\u00a0\u00bb shape_type=\u00a0\u00bb\u00a0\u00bb][vc_column column_padding=\u00a0\u00bbno-extra-padding\u00a0\u00bb column_padding_tablet=\u00a0\u00bbinherit\u00a0\u00bb column_padding_phone=\u00a0\u00bbinherit\u00a0\u00bb column_padding_position=\u00a0\u00bball\u00a0\u00bb flex_gap_desktop=\u00a0\u00bb10px\u00a0\u00bb column_element_direction_desktop=\u00a0\u00bbdefault\u00a0\u00bb&#8230;<\/p>\n","protected":false},"author":3,"featured_media":0,"parent":0,"menu_order":0,"comment_status":"closed","ping_status":"closed","template":"","meta":{"_acf_changed":false,"_joinchat":[],"footnotes":""},"class_list":["post-330","page","type-page","status-publish"],"acf":[],"_links":{"self":[{"href":"https:\/\/mrberendsen.nl\/fr\/wp-json\/wp\/v2\/pages\/330","targetHints":{"allow":["GET"]}}],"collection":[{"href":"https:\/\/mrberendsen.nl\/fr\/wp-json\/wp\/v2\/pages"}],"about":[{"href":"https:\/\/mrberendsen.nl\/fr\/wp-json\/wp\/v2\/types\/page"}],"author":[{"embeddable":true,"href":"https:\/\/mrberendsen.nl\/fr\/wp-json\/wp\/v2\/users\/3"}],"replies":[{"embeddable":true,"href":"https:\/\/mrberendsen.nl\/fr\/wp-json\/wp\/v2\/comments?post=330"}],"version-history":[{"count":59,"href":"https:\/\/mrberendsen.nl\/fr\/wp-json\/wp\/v2\/pages\/330\/revisions"}],"predecessor-version":[{"id":3272,"href":"https:\/\/mrberendsen.nl\/fr\/wp-json\/wp\/v2\/pages\/330\/revisions\/3272"}],"wp:attachment":[{"href":"https:\/\/mrberendsen.nl\/fr\/wp-json\/wp\/v2\/media?parent=330"}],"curies":[{"name":"wp","href":"https:\/\/api.w.org\/{rel}","templated":true}]}}